{"id":907,"date":"2020-08-15T20:44:06","date_gmt":"2020-08-15T20:44:06","guid":{"rendered":"http:\/\/pintapel.com.br\/site\/?page_id=907"},"modified":"2025-02-24T19:21:08","modified_gmt":"2025-02-24T19:21:08","slug":"sobre-nos","status":"publish","type":"page","link":"https:\/\/www.pintapel.com.br\/site\/sobre-nos\/","title":{"rendered":"Sobre n\u00f3s"},"content":{"rendered":"\n<div class=\"wp-block-group alignfull gutenify-section-ab22b230-f3a3-11ed-8a6c-716dc15c8cbc is-layout-constrained wp-container-core-group-is-layout-bdb24064 wp-block-group-is-layout-constrained gtfy-11\" style=\"padding-top:var(--wp--preset--spacing--50);padding-right:0;padding-bottom:var(--wp--preset--spacing--50);padding-left:0\">\n<div class=\"wp-block-columns alignwide gutenify-section-ab228b20-f3a3-11ed-8a6c-716dc15c8cbc is-layout-flex wp-container-core-columns-is-layout-28f84493 wp-block-columns-is-layout-flex gtfy-10\">\n<div class=\"wp-block-column gutenify-section-ab1d5b00-f3a3-11ed-8a6c-716dc15c8cbc is-layout-flow wp-block-column-is-layout-flow gtfy-2\">\n<figure class=\"wp-block-image size-full gutenify-section-ab1d0ce0-f3a3-11ed-8a6c-716dc15c8cbc gtfy-1\"><img decoding=\"async\" src=\"https:\/\/demo.gutenify.com\/gutenify-template-kit\/wp-content\/themes\/gutenify-template-kit\/images\/banner.png\" alt=\"\" class=\"wp-image-206\"\/><\/figure>\n<\/div>\n\n\n\n<div class=\"wp-block-column is-vertically-aligned-center gutenify-section-ab226410-f3a3-11ed-8a6c-716dc15c8cbc is-layout-flow wp-block-column-is-layout-flow gtfy-9\" style=\"padding-top:40px;padding-right:40px;padding-bottom:40px;padding-left:40px\">\n<div class=\"wp-block-group alignwide gutenify-section-ab223d00-f3a3-11ed-8a6c-716dc15c8cbc is-layout-constrained wp-block-group-is-layout-constrained gtfy-8\">\n<h2 class=\"wp-block-heading gutenify-section-ab212b90-f3a3-11ed-8a6c-716dc15c8cbc has-foreground-color has-text-color has-huge-font-size gtfy-3\" style=\"line-height:1.4\"><\/h2>\n\n\n\n<figure class=\"wp-block-image size-full is-resized gtfy-4\"><img loading=\"lazy\" decoding=\"async\" width=\"300\" height=\"100\" src=\"http:\/\/www.pintapel.com.br\/site\/wp-content\/uploads\/2025\/02\/logopintapel-2025.png\" alt=\"\" class=\"wp-image-2647\" style=\"width:260px;height:auto\"\/><\/figure>\n\n\n\n<p class=\"has-text-align-left gutenify-section-ab2179b0-f3a3-11ed-8a6c-716dc15c8cbc has-text-color gtfy-5\" style=\"color:#5b5b5b\">A Pintapel Comunica\u00e7\u00e3o Visual \u00e9 uma empresa em crescimento e atua h\u00e1 mais de 30 anos no mercado.<\/p>\n\n\n\n<p class=\"gtfy-6\">Trabalhamos com ampla variedade de servi\u00e7os e solu\u00e7\u00f5es em Comunica\u00e7\u00e3o Visual, sempre prezando pelo bom atendimento e qualidade dos servi\u00e7os prestados. <\/p>\n\n\n\n<p class=\"has-text-align-left gutenify-section-ab2179b0-f3a3-11ed-8a6c-716dc15c8cbc has-text-color gtfy-7\" style=\"color:#5b5b5b\">Oferecemos um leque de op\u00e7\u00f5es em materiais utilizados e combina\u00e7\u00f5es, possibilitando or\u00e7amentos com custos diferenciados para melhor atender seus clientes de acordo com suas necessidades.&nbsp;<\/p>\n<\/div>\n<\/div>\n<\/div>\n<\/div>\n\n\n\n<div data-aos-duration=\"1000\" data-aos=\"zoom-in\" class=\"wp-block-cover alignfull gtfy-19\" style=\"border-radius:34px;min-height:321px;aspect-ratio:unset;\"><span aria-hidden=\"true\" class=\"wp-block-cover__background has-black-background-color has-background-dim-10 has-background-dim\"><\/span><img loading=\"lazy\" decoding=\"async\" width=\"1920\" height=\"1500\" class=\"wp-block-cover__image-background wp-image-2710\" alt=\"\" src=\"http:\/\/www.pintapel.com.br\/site\/wp-content\/uploads\/2025\/02\/fundo-sobrenos-1.png\" style=\"object-position:23% 73%\" data-object-fit=\"cover\" data-object-position=\"23% 73%\" srcset=\"https:\/\/www.pintapel.com.br\/site\/wp-content\/uploads\/2025\/02\/fundo-sobrenos-1.png 1920w, https:\/\/www.pintapel.com.br\/site\/wp-content\/uploads\/2025\/02\/fundo-sobrenos-1-300x234.png 300w, https:\/\/www.pintapel.com.br\/site\/wp-content\/uploads\/2025\/02\/fundo-sobrenos-1-1024x800.png 1024w, https:\/\/www.pintapel.com.br\/site\/wp-content\/uploads\/2025\/02\/fundo-sobrenos-1-768x600.png 768w, https:\/\/www.pintapel.com.br\/site\/wp-content\/uploads\/2025\/02\/fundo-sobrenos-1-1536x1200.png 1536w\" sizes=\"auto, (max-width: 1920px) 100vw, 1920px\" \/><div class=\"wp-block-cover__inner-container is-layout-flow wp-block-cover-is-layout-flow\">\n<div class=\"wp-block-group alignwide is-layout-constrained wp-block-group-is-layout-constrained gtfy-18\">\n<h1 class=\"wp-block-heading has-text-align-center has-background-color has-text-color gtfy-15\">Potencialize seu neg\u00f3cio e amplie o alcance da sua marca.<\/h1>\n\n\n\n<div class=\"wp-block-gutenify-buttons is-content-justification-center wp-block-buttons gtfy-17\">\n<div data-aos-duration=\"1000\" data-aos=\"flip-up\" class=\"wp-block-gutenify-button gtfy-16\"><a class=\"gutenify-button-link wp-block-button__link\"><i class=\"far fa-comments\"><\/i><span><strong>VAMOS CONVERSAR<\/strong><\/span><\/a><\/div>\n<\/div>\n<\/div>\n<\/div><\/div>\n\n\n\n<p class=\"gtfy-23\"><\/p>\n","protected":false},"excerpt":{"rendered":"<p>A Pintapel Comunica\u00e7\u00e3o Visual \u00e9 uma empresa em crescimento e atua h\u00e1 mais de 30 [&hellip;]<\/p>\n","protected":false},"author":1,"featured_media":0,"parent":0,"menu_order":0,"comment_status":"closed","ping_status":"closed","template":"","meta":{"_eb_attr":"","gutenify_custom_css":"","gutenify_custom_css_data":"","footnotes":""},"class_list":["post-907","page","type-page","status-publish","hentry"],"_links":{"self":[{"href":"https:\/\/www.pintapel.com.br\/site\/wp-json\/wp\/v2\/pages\/907","targetHints":{"allow":["GET"]}}],"collection":[{"href":"https:\/\/www.pintapel.com.br\/site\/wp-json\/wp\/v2\/pages"}],"about":[{"href":"https:\/\/www.pintapel.com.br\/site\/wp-json\/wp\/v2\/types\/page"}],"author":[{"embeddable":true,"href":"https:\/\/www.pintapel.com.br\/site\/wp-json\/wp\/v2\/users\/1"}],"replies":[{"embeddable":true,"href":"https:\/\/www.pintapel.com.br\/site\/wp-json\/wp\/v2\/comments?post=907"}],"version-history":[{"count":27,"href":"https:\/\/www.pintapel.com.br\/site\/wp-json\/wp\/v2\/pages\/907\/revisions"}],"predecessor-version":[{"id":2828,"href":"https:\/\/www.pintapel.com.br\/site\/wp-json\/wp\/v2\/pages\/907\/revisions\/2828"}],"wp:attachment":[{"href":"https:\/\/www.pintapel.com.br\/site\/wp-json\/wp\/v2\/media?parent=907"}],"curies":[{"name":"wp","href":"https:\/\/api.w.org\/{rel}","templated":true}]}}